{"id":14,"date":"2018-05-29T11:13:24","date_gmt":"2018-05-29T11:13:24","guid":{"rendered":"http:\/\/xtratheme.com\/default\/?page_id=14"},"modified":"2023-08-12T02:44:39","modified_gmt":"2023-08-12T02:44:39","slug":"faq","status":"publish","type":"page","link":"https:\/\/vdox.ca\/fr\/faq\/","title":{"rendered":"Questions fr\u00e9quemment pos\u00e9es"},"content":{"rendered":"<div data-elementor-type=\"wp-page\" data-elementor-id=\"14\" class=\"elementor elementor-14\">\n\t\t\t\t\t\t<section class=\"elementor-section elementor-top-section elementor-element elementor-element-3cb5dda elementor-section-full_width elementor-section-height-default elementor-section-height-default\" data-id=\"3cb5dda\" data-element_type=\"section\" data-e-type=\"section\">\n\t\t\t\t\t\t<div class=\"elementor-container elementor-column-gap-default\">\n\t\t\t\t\t<div class=\"elementor-column elementor-col-66 elementor-top-column elementor-element elementor-element-915d33c\" data-id=\"915d33c\" data-element_type=\"column\" data-e-type=\"column\">\n\t\t\t<div class=\"elementor-widget-wrap elementor-element-populated\">\n\t\t\t\t\t\t<div class=\"elementor-element elementor-element-7c2587d elementor-widget elementor-widget-cz_title\" data-id=\"7c2587d\" data-element_type=\"widget\" data-e-type=\"widget\" data-widget_type=\"cz_title.default\">\n\t\t\t\t<div class=\"elementor-widget-container\">\n\t\t\t\t\t\t\r\n\t\t<div>\r\n\t\t\t<div class=\"cz_title clr cz_mobile_text_center cz_title_pos_inline\"><div class=\"cz_title_shape shape_square cz_shape_1\"><\/div><div class=\"cz_title_content\"><div class=\"cz_wpe_content\"><p><span style=\"color: #666666; font-size: 22px;\">N'HESITEZ PAS A NOUS DEMANDER <\/span><\/p><h2>QUESTIONS FR\u00c9QUEMMENT POS\u00c9ES<\/h2><\/div><\/div><\/div>\r\n\t\t<\/div>\r\n\t\t\r\n\t\t\t\t\t\t<\/div>\n\t\t\t\t<\/div>\n\t\t\t\t<div class=\"elementor-element elementor-element-4fe5fc0 elementor-widget elementor-widget-cz_title\" data-id=\"4fe5fc0\" data-element_type=\"widget\" data-e-type=\"widget\" data-widget_type=\"cz_title.default\">\n\t\t\t\t<div class=\"elementor-widget-container\">\n\t\t\t\t\t\t\r\n\t\t<div>\r\n\t\t\t<div class=\"cz_title clr cz_mobile_text_center cz_title_has_icon cz_title_pos_inline\"><div class=\"cz_title_content\"><i class=\"cz_title_icon_before fa czico-084-creative\"><\/i><div class=\"cz_wpe_content\"><h4><span style=\"font-size: 30px;\">QUESTIONS G\u00c9N\u00c9RALES<\/span><\/h4><p><span style=\"color: #666666;\">Questions fr\u00e9quemment pos\u00e9es<\/span><\/p><\/div><\/div><\/div>\r\n\t\t<\/div>\r\n\t\t\r\n\t\t\t\t\t\t<\/div>\n\t\t\t\t<\/div>\n\t\t\t\t<div class=\"elementor-element elementor-element-d810121 elementor-widget elementor-widget-cz_accordion\" data-id=\"d810121\" data-element_type=\"widget\" data-e-type=\"widget\" data-widget_type=\"cz_accordion.default\">\n\t\t\t\t<div class=\"elementor-widget-container\">\n\t\t\t\t\t<div data-arrows='{\"open\":\"fa fa-angle-down\",\"close\":\"fa fa-angle-up\"}' class=\"cz_acc clr cz_acc_first_open\"><div><div class=\"elementor-repeater-item-09dedf1\"><span class=\"cz_acc_child\"><div>WHAT MAKES VDOX\u00ae HOCL THE OPTIMAL HOCL SOLUTION?<\/div><\/span><div class=\"cz_acc_child_content clr\"><p>\u00a0<\/p><p>Nous avons pass\u00e9 de nombreuses ann\u00e9es \u00e0 d\u00e9velopper une m\u00e9thode de fabrication exclusive qui garantit constamment que nous produisons une solution unique et extr\u00eamement pure de HOCL qui est unique \u00e0 notre entreprise.<\/p><p>We have realized a large portion of companies that manufacture HOCl or anolyte utilize outdated methods that impact the final purity, stability, versatility and potency of the end product.<\/p><h2><span style=\"font-size: 13px;\">NOTRE HOCL DIFF\u00c8RE DES MANI\u00c8RES SUIVANTES\u00a0:<\/span><\/h2><p>Notre processus de fabrication reproduit la puret\u00e9 du HOCl produit dans le corps humain contrairement \u00e0 la majorit\u00e9 des soci\u00e9t\u00e9s d'anolyte et de HOCl dans le monde. La plupart des entreprises HOCl ou Anolyte ont tendance \u00e0 utiliser un processus obsol\u00e8te qui utilise des sels et divers r\u00e9actifs dans leur processus de fabrication, ce qui cr\u00e9e un milieu pour la formation de chlorates, de chlore gazeux, d'hypochlorite de sodium (eau de Javel) et de diverses autres impuret\u00e9s. De telles impuret\u00e9s sont des irritants et peuvent provoquer des effets secondaires, r\u00e9duire l'efficacit\u00e9, entraver la stabilit\u00e9 et limiter la polyvalence d'application.<\/p><p>Our pure HOCl contains no salts, no sodium hypochlorite (bleach), no chlorates and no other well known impurities.<\/p><p>We simply provide you with pure HOCl at the same level of purity which is manufactured in the body.<\/p><\/div><\/div><div class=\"elementor-repeater-item-7a601d3\"><span class=\"cz_acc_child\"><div>WHY PH IS THIS MUCH IMPORTANT?<\/div><\/span><div class=\"cz_acc_child_content clr\"><p style=\"line-height: 19.5pt; background: white; margin: 0cm 0cm 15.0pt 0cm;\"><span style=\"font-size: 10.5pt; font-family: 'Open Sans',sans-serif; color: #777777;\">A free chlorine (FAC) molecule is an unbound molecule. There are three forms of free chlorine: chlorine gas, Hypochlorous Acid and hypochlorite. Assuming a constant temperature of 25 \u00b0 C, when the pH is below 3, free chlorine will be present in the solution as chlorine gas. When the pH is above 7.5, over 50% of free chlorine will be hypochhorite ion (OCl-), and as pH rises to 11, all of the free chlorine in the environment will turn into hypochlorite. Free chlorine solution hypochlorous acid (HOCl) will dominate between pH 3 and pH 7.5.<\/span><\/p><p style=\"line-height: 19.5pt; background: white; margin: 0cm 0cm 15.0pt 0cm;\"><span style=\"font-size: 10.5pt; font-family: 'Open Sans',sans-serif; color: #777777;\">The ideal pH is 6.2. All of the molecules that act as active disinfectants here are HOCl. The pH of the human skin is 5.5, and the pH just below the skin is 7.0. Our skin has a pH of 5.5 to act as a shield against bacteria and viruses, meaning it is slightly acidic.<\/span><\/p><p style=\"line-height: 19.5pt; background: white; margin: 0cm 0cm 15.0pt 0cm;\"><span style=\"font-size: 10.5pt; font-family: 'Open Sans',sans-serif; color: #777777;\">ALCOHOL-based disinfectants used, if used very often, create cracks in the skin and these cracks open the way to the new body for bacteria and viruses. Therefore, extreme caution should be exercised when using alcohol-based disinfectants.<\/span><\/p><\/div><\/div><div class=\"elementor-repeater-item-df3bc25\"><span class=\"cz_acc_child\"><div>VOS PRODUITS SONT-ILS S\u00dbRS\u00a0?<\/div><\/span><div class=\"cz_acc_child_content clr\">Yes, all our products are 100% safe and non-toxic. This includes being safe for children and pregnant women.<\/div><\/div><div class=\"elementor-repeater-item-ec5833e\"><span class=\"cz_acc_child\"><div>PUIS-JE AVOIR UNE R\u00c9ACTION ALLERGIQUE \u00c0 VOS PRODUITS\u00a0?<\/div><\/span><div class=\"cz_acc_child_content clr\">No, our products are formulated to mimic the same quality of HOCl that is made within your body.<\/div><\/div><div class=\"elementor-repeater-item-f206fb0\"><span class=\"cz_acc_child\"><div>What are the other common names of the HOCL solution?<\/div><\/span><div class=\"cz_acc_child_content clr\"><ul><li>Electrolytically Generated Hypochlorous Acid .<\/li><li>Neutral Electrolyzed Water ( NEW).<\/li><li>Electrolyzed Oxidizing Water (EOW).<\/li><li>Electro-chemically Activated Water (ECA).<\/li><li>Super - oxidized water (SOW )<\/li><\/ul><\/div><\/div><div class=\"elementor-repeater-item-eda0af0\"><span class=\"cz_acc_child\"><div>VOTRE D\u00c9SINFECTANT DE SURFACE TUE-T-IL LE CORONAVIRUS\u00a0?<\/div><\/span><div class=\"cz_acc_child_content clr\">Yes, it can be applied via fogging or spraying. It is a highly effective, non-toxic alternative to alcohol and other harsh chemicals being utilized in the market<\/div><\/div><div class=\"elementor-repeater-item-8309673\"><span class=\"cz_acc_child\"><div>VOS PRODUITS SONT-ILS CORROSIFS ?<\/div><\/span><div class=\"cz_acc_child_content clr\">No, due to the purity of the HOCl that we manufacture our products are not corrosive.<\/div><\/div><div class=\"elementor-repeater-item-dd239b6\"><span class=\"cz_acc_child\"><div>HOCL EST-IL INFLAMMABLE ?<\/div><\/span><div class=\"cz_acc_child_content clr\">No, HOCl is not flammable.<\/div><\/div><div class=\"elementor-repeater-item-a7aaa7f\"><span class=\"cz_acc_child\"><div>HOCL PEUT-IL \u00caTRE APPLIQU\u00c9 SUR LA PEAU EN TOUTE S\u00c9CURIT\u00c9\u00a0?<\/div><\/span><div class=\"cz_acc_child_content clr\">Yes, HOCl is 100% safe to be applied to all skin types.<\/div><\/div><\/div><\/div>\t\t\t\t<\/div>\n\t\t\t\t<\/div>\n\t\t\t\t\t<\/div>\n\t\t<\/div>\n\t\t\t\t<div class=\"elementor-column elementor-col-33 elementor-top-column elementor-element elementor-element-266de76\" data-id=\"266de76\" data-element_type=\"column\" data-e-type=\"column\">\n\t\t\t<div class=\"elementor-widget-wrap elementor-element-populated\">\n\t\t\t\t\t\t<div class=\"elementor-element elementor-element-8b0783f elementor-widget elementor-widget-cz_image\" data-id=\"8b0783f\" data-element_type=\"widget\" data-e-type=\"widget\" data-widget_type=\"cz_image.default\">\n\t\t\t\t<div class=\"elementor-widget-container\">\n\t\t\t\t\t\r\n\t\t<div class=\"cz_image clr cz_image_no_fx center_on_mobile\">\r\n\r\n\t\t\t<div class=\"cz_svg_bg\">\r\n\r\n\t\t\t\t<div class=\"cz_image_in\" data-tilt>\r\n\r\n\t\t\t\t\t<div class=\"cz_main_image\"><img fetchpriority=\"high\" decoding=\"async\" width=\"2560\" height=\"1440\" src=\"data:image\/svg+xml,%3Csvg%20xmlns%3D&#39;http%3A%2F%2Fwww.w3.org%2F2000%2Fsvg&#39;%20width=&#39;2560&#39;%20height=&#39;1440&#39;%20viewBox%3D&#39;0%200%202560%201440&#39;%2F%3E\" data-czlz data-src=\"https:\/\/vdox.ca\/wp-content\/uploads\/2023\/08\/iStock-1346675624-scaled-1.webp\" class=\"attachment-full size-full wp-image-1960\" alt=\"\" data-srcset=\"https:\/\/vdox.ca\/wp-content\/uploads\/2023\/08\/iStock-1346675624-scaled-1.webp 2560w, https:\/\/vdox.ca\/wp-content\/uploads\/2023\/08\/iStock-1346675624-scaled-1-300x169.webp 300w, https:\/\/vdox.ca\/wp-content\/uploads\/2023\/08\/iStock-1346675624-scaled-1-1024x576.webp 1024w, https:\/\/vdox.ca\/wp-content\/uploads\/2023\/08\/iStock-1346675624-scaled-1-768x432.webp 768w, https:\/\/vdox.ca\/wp-content\/uploads\/2023\/08\/iStock-1346675624-scaled-1-1536x864.webp 1536w, https:\/\/vdox.ca\/wp-content\/uploads\/2023\/08\/iStock-1346675624-scaled-1-2048x1152.webp 2048w, https:\/\/vdox.ca\/wp-content\/uploads\/2023\/08\/iStock-1346675624-scaled-1-600x338.webp 600w\" data-sizes=\"(max-width: 2560px) 100vw, 2560px\" \/><\/div>\r\n\r\n\t\t\t\t\t<div class=\"cz_hover_image\"><img fetchpriority=\"high\" decoding=\"async\" width=\"2560\" height=\"1440\" src=\"data:image\/svg+xml,%3Csvg%20xmlns%3D&#39;http%3A%2F%2Fwww.w3.org%2F2000%2Fsvg&#39;%20width=&#39;2560&#39;%20height=&#39;1440&#39;%20viewBox%3D&#39;0%200%202560%201440&#39;%2F%3E\" data-czlz data-src=\"https:\/\/vdox.ca\/wp-content\/uploads\/2023\/08\/iStock-1346675624-scaled-1.webp\" class=\"attachment-full size-full wp-image-1960\" alt=\"\" data-srcset=\"https:\/\/vdox.ca\/wp-content\/uploads\/2023\/08\/iStock-1346675624-scaled-1.webp 2560w, https:\/\/vdox.ca\/wp-content\/uploads\/2023\/08\/iStock-1346675624-scaled-1-300x169.webp 300w, https:\/\/vdox.ca\/wp-content\/uploads\/2023\/08\/iStock-1346675624-scaled-1-1024x576.webp 1024w, https:\/\/vdox.ca\/wp-content\/uploads\/2023\/08\/iStock-1346675624-scaled-1-768x432.webp 768w, https:\/\/vdox.ca\/wp-content\/uploads\/2023\/08\/iStock-1346675624-scaled-1-1536x864.webp 1536w, https:\/\/vdox.ca\/wp-content\/uploads\/2023\/08\/iStock-1346675624-scaled-1-2048x1152.webp 2048w, https:\/\/vdox.ca\/wp-content\/uploads\/2023\/08\/iStock-1346675624-scaled-1-600x338.webp 600w\" data-sizes=\"(max-width: 2560px) 100vw, 2560px\" \/><\/div>\r\n\t\t\t\t<\/div>\r\n\r\n\t\t\t\t\r\n\t\t\t<\/div>\r\n\r\n\t\t<\/div>\r\n\r\n\t\t\t\t\t\t<\/div>\n\t\t\t\t<\/div>\n\t\t\t\t<div class=\"elementor-element elementor-element-755248a elementor-widget elementor-widget-cz_title\" data-id=\"755248a\" data-element_type=\"widget\" data-e-type=\"widget\" data-widget_type=\"cz_title.default\">\n\t\t\t\t<div class=\"elementor-widget-container\">\n\t\t\t\t\t\t\r\n\t\t<div>\r\n\t\t\t<div class=\"cz_title clr cz_mobile_text_center cz_title_has_icon cz_title_pos_inline\"><div class=\"cz_title_content\"><i class=\"cz_title_icon_before fa czico-008-chat-2\"><\/i><div class=\"cz_wpe_content\"><h4><span style=\"font-size: 30px;\">Demandez nous<\/span><\/h4><p><span style=\"color: #666666;\">Formulaire de contact rapide<\/span><\/p><\/div><\/div><\/div>\r\n\t\t<\/div>\r\n\t\t\r\n\t\t\t\t\t\t<\/div>\n\t\t\t\t<\/div>\n\t\t\t\t<div class=\"elementor-element elementor-element-29f9a1b elementor-widget elementor-widget-cz_contact_form_7\" data-id=\"29f9a1b\" data-element_type=\"widget\" data-e-type=\"widget\" data-widget_type=\"cz_contact_form_7.default\">\n\t\t\t\t<div class=\"elementor-widget-container\">\n\t\t\t\t\t\t\t<div class=\"cz_cf7 clr\">\r\n\t\t\t<div>\n<div class=\"wpcf7 no-js\" id=\"wpcf7-f126-o1\" lang=\"en-US\" dir=\"ltr\" data-wpcf7-id=\"126\">\n<div class=\"screen-reader-response\"><p role=\"status\" aria-live=\"polite\" aria-atomic=\"true\"><\/p> <ul><\/ul><\/div>\n<form action=\"\/fr\/wp-json\/wp\/v2\/pages\/14#wpcf7-f126-o1\" method=\"post\" class=\"wpcf7-form init\" aria-label=\"Contact form\" novalidate=\"novalidate\" data-status=\"init\" data-trp-original-action=\"\/fr\/wp-json\/wp\/v2\/pages\/14#wpcf7-f126-o1\">\n<fieldset class=\"hidden-fields-container\"><input type=\"hidden\" name=\"_wpcf7\" value=\"126\" \/><input type=\"hidden\" name=\"_wpcf7_version\" value=\"6.1.5\" \/><input type=\"hidden\" name=\"_wpcf7_locale\" value=\"en_US\" \/><input type=\"hidden\" name=\"_wpcf7_unit_tag\" value=\"wpcf7-f126-o1\" \/><input type=\"hidden\" name=\"_wpcf7_container_post\" value=\"0\" \/><input type=\"hidden\" name=\"_wpcf7_posted_data_hash\" value=\"\" \/>\n<\/fieldset>\n<p><span class=\"wpcf7-form-control-wrap\" data-name=\"your-name\"><input size=\"40\" maxlength=\"400\" class=\"wpcf7-form-control wpcf7-text wpcf7-validates-as-required\" aria-required=\"true\" aria-invalid=\"false\" placeholder=\"Votre nom (*)\" value=\"\" type=\"text\" name=\"your-name\" \/><\/span>\n<\/p>\n<p><span class=\"wpcf7-form-control-wrap\" data-name=\"your-email\"><input size=\"40\" maxlength=\"400\" class=\"wpcf7-form-control wpcf7-email wpcf7-validates-as-required wpcf7-text wpcf7-validates-as-email\" aria-required=\"true\" aria-invalid=\"false\" placeholder=\"Votre e-mail (*)\" value=\"\" type=\"email\" name=\"your-email\" \/><\/span>\n<\/p>\n<p><span class=\"wpcf7-form-control-wrap\" data-name=\"your-subject\"><input size=\"40\" maxlength=\"400\" class=\"wpcf7-form-control wpcf7-text\" aria-invalid=\"false\" placeholder=\"Sujette\" value=\"\" type=\"text\" name=\"your-subject\" \/><\/span>\n<\/p>\n<p><span class=\"wpcf7-form-control-wrap\" data-name=\"menu-178\"><select class=\"wpcf7-form-control wpcf7-select\" aria-invalid=\"false\" name=\"menu-178\"><option value=\"Business Department\">Business Department<\/option><option value=\"Personal Department\">Personal Department<\/option><option value=\"Support Department\">Support Department<\/option><option value=\"Others\">Others<\/option><\/select><\/span>\n<\/p>\n<p><span class=\"wpcf7-form-control-wrap\" data-name=\"your-message\"><textarea cols=\"40\" rows=\"10\" maxlength=\"2000\" class=\"wpcf7-form-control wpcf7-textarea\" aria-invalid=\"false\" placeholder=\"Votre message\" name=\"your-message\"><\/textarea><\/span>\n<\/p>\n<p><input class=\"wpcf7-form-control wpcf7-submit has-spinner\" type=\"submit\" value=\"Send Message\" \/>\n<\/p><p style=\"display: none !important;\" class=\"akismet-fields-container\" data-prefix=\"_wpcf7_ak_\"><label>&#916;<textarea name=\"_wpcf7_ak_hp_textarea\" cols=\"45\" rows=\"8\" maxlength=\"100\"><\/textarea><\/label><input type=\"hidden\" id=\"ak_js_1\" name=\"_wpcf7_ak_js\" value=\"238\"\/><script>document.getElementById( \"ak_js_1\" ).setAttribute( \"value\", ( new Date() ).getTime() );<\/script><\/p><div class=\"wpcf7-response-output\" aria-hidden=\"true\"><\/div>\n<input type=\"hidden\" name=\"trp-form-language\" value=\"fr\"\/><\/form>\n<\/div>\n<\/div>\r\n\t\t<\/div>\r\n\t\t\t\t\t\t<\/div>\n\t\t\t\t<\/div>\n\t\t\t\t\t<\/div>\n\t\t<\/div>\n\t\t\t\t\t<\/div>\n\t\t<\/section>\n\t\t\t\t<\/div>","protected":false},"excerpt":{"rendered":"<p>FEEL FREE TO ASK US FREQUENTLY ASKED QUESTIONS GENERAL QUESTIONS Frequently &#8230; <\/p>","protected":false},"author":1,"featured_media":0,"parent":0,"menu_order":0,"comment_status":"closed","ping_status":"closed","template":"","meta":{"footnotes":""},"class_list":["post-14","page","type-page","status-publish","hentry"],"_links":{"self":[{"href":"https:\/\/vdox.ca\/fr\/wp-json\/wp\/v2\/pages\/14","targetHints":{"allow":["GET"]}}],"collection":[{"href":"https:\/\/vdox.ca\/fr\/wp-json\/wp\/v2\/pages"}],"about":[{"href":"https:\/\/vdox.ca\/fr\/wp-json\/wp\/v2\/types\/page"}],"author":[{"embeddable":true,"href":"https:\/\/vdox.ca\/fr\/wp-json\/wp\/v2\/users\/1"}],"replies":[{"embeddable":true,"href":"https:\/\/vdox.ca\/fr\/wp-json\/wp\/v2\/comments?post=14"}],"version-history":[{"count":13,"href":"https:\/\/vdox.ca\/fr\/wp-json\/wp\/v2\/pages\/14\/revisions"}],"predecessor-version":[{"id":3025,"href":"https:\/\/vdox.ca\/fr\/wp-json\/wp\/v2\/pages\/14\/revisions\/3025"}],"wp:attachment":[{"href":"https:\/\/vdox.ca\/fr\/wp-json\/wp\/v2\/media?parent=14"}],"curies":[{"name":"wp","href":"https:\/\/api.w.org\/{rel}","templated":true}]}}